{"id":3062,"date":"2019-09-06T09:24:15","date_gmt":"2019-09-06T07:24:15","guid":{"rendered":"https:\/\/thecentral.lu\/luxury-apartments-luxembourg-city\/residence-suites\/"},"modified":"2024-12-03T10:59:45","modified_gmt":"2024-12-03T09:59:45","slug":"wohnsitz-luxemburg","status":"publish","type":"page","link":"https:\/\/thecentralapartments.de\/luxury-apartments-luxembourg-city\/wohnsitz-luxemburg\/","title":{"rendered":"LUXURY RESIDENCE IN LUXEMBOURG CITY"},"content":{"rendered":"","protected":false},"excerpt":{"rendered":"","protected":false},"author":1,"featured_media":0,"parent":0,"menu_order":20,"comment_status":"closed","ping_status":"closed","template":"template-Suites.php","meta":[],"acf":[],"yoast_head":"<!-- This site is optimized with the Yoast SEO plugin v20.8 - https:\/\/yoast.com\/wordpress\/plugins\/seo\/ -->\n<title>Wohnsitz in Luxemburg | Residenz-Suites in Luxemburg Stadt<\/title>\n<meta name=\"description\" content=\"Wohnsitz im Zentrum von Luxemburg mit Concierge-Service f\u00fcr Kurz- und Langzeitaufenthalte f\u00fcr Urlauber und Gesch\u00e4ftsreisende\" \/>\n<meta name=\"robots\" content=\"index, follow, max-snippet:-1, max-image-preview:large, max-video-preview:-1\" \/>\n<link rel=\"canonical\" href=\"https:\/\/thecentralapartments.de\/luxury-apartments-luxembourg-city\/wohnsitz-luxemburg\/\" \/>\n<meta property=\"og:locale\" content=\"de_DE\" \/>\n<meta property=\"og:type\" content=\"article\" \/>\n<meta property=\"og:title\" content=\"Wohnsitz in Luxemburg | Residenz-Suites in Luxemburg Stadt\" \/>\n<meta property=\"og:description\" content=\"Wohnsitz im Zentrum von Luxemburg mit Concierge-Service f\u00fcr Kurz- und Langzeitaufenthalte f\u00fcr Urlauber und Gesch\u00e4ftsreisende\" \/>\n<meta property=\"og:url\" content=\"https:\/\/thecentralapartments.de\/luxury-apartments-luxembourg-city\/wohnsitz-luxemburg\/\" \/>\n<meta property=\"og:site_name\" content=\"The Central Luxembourg City\" \/>\n<meta property=\"article:modified_time\" content=\"2024-12-03T09:59:45+00:00\" \/>\n<meta name=\"twitter:card\" content=\"summary_large_image\" \/>\n<script type=\"application\/ld+json\" class=\"yoast-schema-graph\">{\"@context\":\"https:\/\/schema.org\",\"@graph\":[{\"@type\":\"WebPage\",\"@id\":\"https:\/\/thecentralapartments.de\/luxury-apartments-luxembourg-city\/wohnsitz-luxemburg\/\",\"url\":\"https:\/\/thecentralapartments.de\/luxury-apartments-luxembourg-city\/wohnsitz-luxemburg\/\",\"name\":\"Wohnsitz in Luxemburg | Residenz-Suites in Luxemburg Stadt\",\"isPartOf\":{\"@id\":\"https:\/\/thecentralapartments.de\/luxury-apartments-luxembourg-city\/#website\"},\"datePublished\":\"2019-09-06T07:24:15+00:00\",\"dateModified\":\"2024-12-03T09:59:45+00:00\",\"description\":\"Wohnsitz im Zentrum von Luxemburg mit Concierge-Service f\u00fcr Kurz- und Langzeitaufenthalte f\u00fcr Urlauber und Gesch\u00e4ftsreisende\",\"inLanguage\":\"de-DE\",\"potentialAction\":[{\"@type\":\"ReadAction\",\"target\":[\"https:\/\/thecentralapartments.de\/luxury-apartments-luxembourg-city\/wohnsitz-luxemburg\/\"]}]},{\"@type\":\"WebSite\",\"@id\":\"https:\/\/thecentralapartments.de\/luxury-apartments-luxembourg-city\/#website\",\"url\":\"https:\/\/thecentralapartments.de\/luxury-apartments-luxembourg-city\/\",\"name\":\"The Central Luxembourg City\",\"description\":\"The Central Luxembourg City\",\"publisher\":{\"@id\":\"https:\/\/thecentralapartments.de\/luxury-apartments-luxembourg-city\/#organization\"},\"potentialAction\":[{\"@type\":\"SearchAction\",\"target\":{\"@type\":\"EntryPoint\",\"urlTemplate\":\"https:\/\/thecentralapartments.de\/luxury-apartments-luxembourg-city\/?s={search_term_string}\"},\"query-input\":\"required name=search_term_string\"}],\"inLanguage\":\"de-DE\"},{\"@type\":\"Organization\",\"@id\":\"https:\/\/thecentralapartments.de\/luxury-apartments-luxembourg-city\/#organization\",\"name\":\"The Central Luxembourg City\",\"url\":\"https:\/\/thecentralapartments.de\/luxury-apartments-luxembourg-city\/\",\"logo\":{\"@type\":\"ImageObject\",\"inLanguage\":\"de-DE\",\"@id\":\"https:\/\/thecentralapartments.de\/luxury-apartments-luxembourg-city\/#\/schema\/logo\/image\/\",\"url\":\"https:\/\/thecentralapartments.de\/luxury-apartments-luxembourg-city\/wp-content\/uploads\/2019\/06\/logo_the_central.png\",\"contentUrl\":\"https:\/\/thecentralapartments.de\/luxury-apartments-luxembourg-city\/wp-content\/uploads\/2019\/06\/logo_the_central.png\",\"width\":220,\"height\":60,\"caption\":\"The Central Luxembourg City\"},\"image\":{\"@id\":\"https:\/\/thecentralapartments.de\/luxury-apartments-luxembourg-city\/#\/schema\/logo\/image\/\"}}]}<\/script>\n<!-- \/ Yoast SEO plugin. -->","yoast_head_json":{"title":"Wohnsitz in Luxemburg | Residenz-Suites in Luxemburg Stadt","description":"Wohnsitz im Zentrum von Luxemburg mit Concierge-Service f\u00fcr Kurz- und Langzeitaufenthalte f\u00fcr Urlauber und Gesch\u00e4ftsreisende","robots":{"index":"index","follow":"follow","max-snippet":"max-snippet:-1","max-image-preview":"max-image-preview:large","max-video-preview":"max-video-preview:-1"},"canonical":"https:\/\/thecentralapartments.de\/luxury-apartments-luxembourg-city\/wohnsitz-luxemburg\/","og_locale":"de_DE","og_type":"article","og_title":"Wohnsitz in Luxemburg | Residenz-Suites in Luxemburg Stadt","og_description":"Wohnsitz im Zentrum von Luxemburg mit Concierge-Service f\u00fcr Kurz- und Langzeitaufenthalte f\u00fcr Urlauber und Gesch\u00e4ftsreisende","og_url":"https:\/\/thecentralapartments.de\/luxury-apartments-luxembourg-city\/wohnsitz-luxemburg\/","og_site_name":"The Central Luxembourg City","article_modified_time":"2024-12-03T09:59:45+00:00","twitter_card":"summary_large_image","schema":{"@context":"https:\/\/schema.org","@graph":[{"@type":"WebPage","@id":"https:\/\/thecentralapartments.de\/luxury-apartments-luxembourg-city\/wohnsitz-luxemburg\/","url":"https:\/\/thecentralapartments.de\/luxury-apartments-luxembourg-city\/wohnsitz-luxemburg\/","name":"Wohnsitz in Luxemburg | Residenz-Suites in Luxemburg Stadt","isPartOf":{"@id":"https:\/\/thecentralapartments.de\/luxury-apartments-luxembourg-city\/#website"},"datePublished":"2019-09-06T07:24:15+00:00","dateModified":"2024-12-03T09:59:45+00:00","description":"Wohnsitz im Zentrum von Luxemburg mit Concierge-Service f\u00fcr Kurz- und Langzeitaufenthalte f\u00fcr Urlauber und Gesch\u00e4ftsreisende","inLanguage":"de-DE","potentialAction":[{"@type":"ReadAction","target":["https:\/\/thecentralapartments.de\/luxury-apartments-luxembourg-city\/wohnsitz-luxemburg\/"]}]},{"@type":"WebSite","@id":"https:\/\/thecentralapartments.de\/luxury-apartments-luxembourg-city\/#website","url":"https:\/\/thecentralapartments.de\/luxury-apartments-luxembourg-city\/","name":"The Central Luxembourg City","description":"The Central Luxembourg City","publisher":{"@id":"https:\/\/thecentralapartments.de\/luxury-apartments-luxembourg-city\/#organization"},"potentialAction":[{"@type":"SearchAction","target":{"@type":"EntryPoint","urlTemplate":"https:\/\/thecentralapartments.de\/luxury-apartments-luxembourg-city\/?s={search_term_string}"},"query-input":"required name=search_term_string"}],"inLanguage":"de-DE"},{"@type":"Organization","@id":"https:\/\/thecentralapartments.de\/luxury-apartments-luxembourg-city\/#organization","name":"The Central Luxembourg City","url":"https:\/\/thecentralapartments.de\/luxury-apartments-luxembourg-city\/","logo":{"@type":"ImageObject","inLanguage":"de-DE","@id":"https:\/\/thecentralapartments.de\/luxury-apartments-luxembourg-city\/#\/schema\/logo\/image\/","url":"https:\/\/thecentralapartments.de\/luxury-apartments-luxembourg-city\/wp-content\/uploads\/2019\/06\/logo_the_central.png","contentUrl":"https:\/\/thecentralapartments.de\/luxury-apartments-luxembourg-city\/wp-content\/uploads\/2019\/06\/logo_the_central.png","width":220,"height":60,"caption":"The Central Luxembourg City"},"image":{"@id":"https:\/\/thecentralapartments.de\/luxury-apartments-luxembourg-city\/#\/schema\/logo\/image\/"}}]}},"_links":{"self":[{"href":"https:\/\/thecentralapartments.de\/luxury-apartments-luxembourg-city\/wp-json\/wp\/v2\/pages\/3062"}],"collection":[{"href":"https:\/\/thecentralapartments.de\/luxury-apartments-luxembourg-city\/wp-json\/wp\/v2\/pages"}],"about":[{"href":"https:\/\/thecentralapartments.de\/luxury-apartments-luxembourg-city\/wp-json\/wp\/v2\/types\/page"}],"author":[{"embeddable":true,"href":"https:\/\/thecentralapartments.de\/luxury-apartments-luxembourg-city\/wp-json\/wp\/v2\/users\/1"}],"replies":[{"embeddable":true,"href":"https:\/\/thecentralapartments.de\/luxury-apartments-luxembourg-city\/wp-json\/wp\/v2\/comments?post=3062"}],"version-history":[{"count":15,"href":"https:\/\/thecentralapartments.de\/luxury-apartments-luxembourg-city\/wp-json\/wp\/v2\/pages\/3062\/revisions"}],"predecessor-version":[{"id":25194,"href":"https:\/\/thecentralapartments.de\/luxury-apartments-luxembourg-city\/wp-json\/wp\/v2\/pages\/3062\/revisions\/25194"}],"wp:attachment":[{"href":"https:\/\/thecentralapartments.de\/luxury-apartments-luxembourg-city\/wp-json\/wp\/v2\/media?parent=3062"}],"curies":[{"name":"wp","href":"https:\/\/api.w.org\/{rel}","templated":true}]}}