{"id":24766,"date":"2024-12-03T10:56:21","date_gmt":"2024-12-03T09:56:21","guid":{"rendered":"https:\/\/thecentral.lu\/luxury-apartments-luxembourg-city\/?page_id=24766"},"modified":"2024-12-03T11:03:38","modified_gmt":"2024-12-03T10:03:38","slug":"familien-duplex-suite-mit-terrasse","status":"publish","type":"page","link":"https:\/\/thecentralapartments.de\/luxury-apartments-luxembourg-city\/wohnsitz-luxemburg\/familien-duplex-suite-mit-terrasse\/","title":{"rendered":"Familien-Duplex-Suite mit Terrasse"},"content":{"rendered":"","protected":false},"excerpt":{"rendered":"","protected":false},"author":1,"featured_media":0,"parent":3062,"menu_order":50,"comment_status":"closed","ping_status":"closed","template":"template-Apartments.php","meta":[],"acf":[],"yoast_head":"<!-- This site is optimized with the Yoast SEO plugin v20.8 - https:\/\/yoast.com\/wordpress\/plugins\/seo\/ -->\n<title>Luxuri\u00f6se Wohnung mieten in Luxemburg | Gesch\u00e4ftsreisen und Firmenvermietung<\/title>\n<meta name=\"description\" content=\"Luxuri\u00f6se Wohnung mieten in Luxemburg mit vollem Service im Stadtteil Gare. Perfekt f\u00fcr Gesch\u00e4fts- und Urlaubsreisen, f\u00fcr Kurz- und Langzeitvermietungen.\" \/>\n<meta name=\"robots\" content=\"index, follow, max-snippet:-1, max-image-preview:large, max-video-preview:-1\" \/>\n<link rel=\"canonical\" href=\"https:\/\/thecentralapartments.de\/luxury-apartments-luxembourg-city\/wohnsitz-luxemburg\/familien-duplex-suite-mit-terrasse\/\" \/>\n<meta property=\"og:locale\" content=\"de_DE\" \/>\n<meta property=\"og:type\" content=\"article\" \/>\n<meta property=\"og:title\" content=\"Luxuri\u00f6se Wohnung mieten in Luxemburg | Gesch\u00e4ftsreisen und Firmenvermietung\" \/>\n<meta property=\"og:description\" content=\"Luxuri\u00f6se Wohnung mieten in Luxemburg mit vollem Service im Stadtteil Gare. Perfekt f\u00fcr Gesch\u00e4fts- und Urlaubsreisen, f\u00fcr Kurz- und Langzeitvermietungen.\" \/>\n<meta property=\"og:url\" content=\"https:\/\/thecentralapartments.de\/luxury-apartments-luxembourg-city\/wohnsitz-luxemburg\/familien-duplex-suite-mit-terrasse\/\" \/>\n<meta property=\"og:site_name\" content=\"The Central Luxembourg City\" \/>\n<meta property=\"article:modified_time\" content=\"2024-12-03T10:03:38+00:00\" \/>\n<meta name=\"twitter:card\" content=\"summary_large_image\" \/>\n<script type=\"application\/ld+json\" class=\"yoast-schema-graph\">{\"@context\":\"https:\/\/schema.org\",\"@graph\":[{\"@type\":\"WebPage\",\"@id\":\"https:\/\/thecentralapartments.de\/luxury-apartments-luxembourg-city\/wohnsitz-luxemburg\/familien-duplex-suite-mit-terrasse\/\",\"url\":\"https:\/\/thecentralapartments.de\/luxury-apartments-luxembourg-city\/wohnsitz-luxemburg\/familien-duplex-suite-mit-terrasse\/\",\"name\":\"Luxuri\u00f6se Wohnung mieten in Luxemburg | Gesch\u00e4ftsreisen und Firmenvermietung\",\"isPartOf\":{\"@id\":\"https:\/\/thecentralapartments.de\/luxury-apartments-luxembourg-city\/#website\"},\"datePublished\":\"2024-12-03T09:56:21+00:00\",\"dateModified\":\"2024-12-03T10:03:38+00:00\",\"description\":\"Luxuri\u00f6se Wohnung mieten in Luxemburg mit vollem Service im Stadtteil Gare. Perfekt f\u00fcr Gesch\u00e4fts- und Urlaubsreisen, f\u00fcr Kurz- und Langzeitvermietungen.\",\"breadcrumb\":{\"@id\":\"https:\/\/thecentralapartments.de\/luxury-apartments-luxembourg-city\/wohnsitz-luxemburg\/familien-duplex-suite-mit-terrasse\/#breadcrumb\"},\"inLanguage\":\"de-DE\",\"potentialAction\":[{\"@type\":\"ReadAction\",\"target\":[\"https:\/\/thecentralapartments.de\/luxury-apartments-luxembourg-city\/wohnsitz-luxemburg\/familien-duplex-suite-mit-terrasse\/\"]}]},{\"@type\":\"BreadcrumbList\",\"@id\":\"https:\/\/thecentralapartments.de\/luxury-apartments-luxembourg-city\/wohnsitz-luxemburg\/familien-duplex-suite-mit-terrasse\/#breadcrumb\",\"itemListElement\":[{\"@type\":\"ListItem\",\"position\":1,\"name\":\"LUXURY RESIDENCE IN LUXEMBOURG CITY\",\"item\":\"https:\/\/thecentralapartments.de\/luxury-apartments-luxembourg-city\/wohnsitz-luxemburg\/\"},{\"@type\":\"ListItem\",\"position\":2,\"name\":\"Familien-Duplex-Suite mit Terrasse\"}]},{\"@type\":\"WebSite\",\"@id\":\"https:\/\/thecentralapartments.de\/luxury-apartments-luxembourg-city\/#website\",\"url\":\"https:\/\/thecentralapartments.de\/luxury-apartments-luxembourg-city\/\",\"name\":\"The Central Luxembourg City\",\"description\":\"The Central Luxembourg City\",\"publisher\":{\"@id\":\"https:\/\/thecentralapartments.de\/luxury-apartments-luxembourg-city\/#organization\"},\"potentialAction\":[{\"@type\":\"SearchAction\",\"target\":{\"@type\":\"EntryPoint\",\"urlTemplate\":\"https:\/\/thecentralapartments.de\/luxury-apartments-luxembourg-city\/?s={search_term_string}\"},\"query-input\":\"required name=search_term_string\"}],\"inLanguage\":\"de-DE\"},{\"@type\":\"Organization\",\"@id\":\"https:\/\/thecentralapartments.de\/luxury-apartments-luxembourg-city\/#organization\",\"name\":\"The Central Luxembourg City\",\"url\":\"https:\/\/thecentralapartments.de\/luxury-apartments-luxembourg-city\/\",\"logo\":{\"@type\":\"ImageObject\",\"inLanguage\":\"de-DE\",\"@id\":\"https:\/\/thecentralapartments.de\/luxury-apartments-luxembourg-city\/#\/schema\/logo\/image\/\",\"url\":\"https:\/\/thecentralapartments.de\/luxury-apartments-luxembourg-city\/wp-content\/uploads\/2019\/06\/logo_the_central.png\",\"contentUrl\":\"https:\/\/thecentralapartments.de\/luxury-apartments-luxembourg-city\/wp-content\/uploads\/2019\/06\/logo_the_central.png\",\"width\":220,\"height\":60,\"caption\":\"The Central Luxembourg City\"},\"image\":{\"@id\":\"https:\/\/thecentralapartments.de\/luxury-apartments-luxembourg-city\/#\/schema\/logo\/image\/\"}}]}<\/script>\n<!-- \/ Yoast SEO plugin. -->","yoast_head_json":{"title":"Luxuri\u00f6se Wohnung mieten in Luxemburg | Gesch\u00e4ftsreisen und Firmenvermietung","description":"Luxuri\u00f6se Wohnung mieten in Luxemburg mit vollem Service im Stadtteil Gare. Perfekt f\u00fcr Gesch\u00e4fts- und Urlaubsreisen, f\u00fcr Kurz- und Langzeitvermietungen.","robots":{"index":"index","follow":"follow","max-snippet":"max-snippet:-1","max-image-preview":"max-image-preview:large","max-video-preview":"max-video-preview:-1"},"canonical":"https:\/\/thecentralapartments.de\/luxury-apartments-luxembourg-city\/wohnsitz-luxemburg\/familien-duplex-suite-mit-terrasse\/","og_locale":"de_DE","og_type":"article","og_title":"Luxuri\u00f6se Wohnung mieten in Luxemburg | Gesch\u00e4ftsreisen und Firmenvermietung","og_description":"Luxuri\u00f6se Wohnung mieten in Luxemburg mit vollem Service im Stadtteil Gare. Perfekt f\u00fcr Gesch\u00e4fts- und Urlaubsreisen, f\u00fcr Kurz- und Langzeitvermietungen.","og_url":"https:\/\/thecentralapartments.de\/luxury-apartments-luxembourg-city\/wohnsitz-luxemburg\/familien-duplex-suite-mit-terrasse\/","og_site_name":"The Central Luxembourg City","article_modified_time":"2024-12-03T10:03:38+00:00","twitter_card":"summary_large_image","schema":{"@context":"https:\/\/schema.org","@graph":[{"@type":"WebPage","@id":"https:\/\/thecentralapartments.de\/luxury-apartments-luxembourg-city\/wohnsitz-luxemburg\/familien-duplex-suite-mit-terrasse\/","url":"https:\/\/thecentralapartments.de\/luxury-apartments-luxembourg-city\/wohnsitz-luxemburg\/familien-duplex-suite-mit-terrasse\/","name":"Luxuri\u00f6se Wohnung mieten in Luxemburg | Gesch\u00e4ftsreisen und Firmenvermietung","isPartOf":{"@id":"https:\/\/thecentralapartments.de\/luxury-apartments-luxembourg-city\/#website"},"datePublished":"2024-12-03T09:56:21+00:00","dateModified":"2024-12-03T10:03:38+00:00","description":"Luxuri\u00f6se Wohnung mieten in Luxemburg mit vollem Service im Stadtteil Gare. Perfekt f\u00fcr Gesch\u00e4fts- und Urlaubsreisen, f\u00fcr Kurz- und Langzeitvermietungen.","breadcrumb":{"@id":"https:\/\/thecentralapartments.de\/luxury-apartments-luxembourg-city\/wohnsitz-luxemburg\/familien-duplex-suite-mit-terrasse\/#breadcrumb"},"inLanguage":"de-DE","potentialAction":[{"@type":"ReadAction","target":["https:\/\/thecentralapartments.de\/luxury-apartments-luxembourg-city\/wohnsitz-luxemburg\/familien-duplex-suite-mit-terrasse\/"]}]},{"@type":"BreadcrumbList","@id":"https:\/\/thecentralapartments.de\/luxury-apartments-luxembourg-city\/wohnsitz-luxemburg\/familien-duplex-suite-mit-terrasse\/#breadcrumb","itemListElement":[{"@type":"ListItem","position":1,"name":"LUXURY RESIDENCE IN LUXEMBOURG CITY","item":"https:\/\/thecentralapartments.de\/luxury-apartments-luxembourg-city\/wohnsitz-luxemburg\/"},{"@type":"ListItem","position":2,"name":"Familien-Duplex-Suite mit Terrasse"}]},{"@type":"WebSite","@id":"https:\/\/thecentralapartments.de\/luxury-apartments-luxembourg-city\/#website","url":"https:\/\/thecentralapartments.de\/luxury-apartments-luxembourg-city\/","name":"The Central Luxembourg City","description":"The Central Luxembourg City","publisher":{"@id":"https:\/\/thecentralapartments.de\/luxury-apartments-luxembourg-city\/#organization"},"potentialAction":[{"@type":"SearchAction","target":{"@type":"EntryPoint","urlTemplate":"https:\/\/thecentralapartments.de\/luxury-apartments-luxembourg-city\/?s={search_term_string}"},"query-input":"required name=search_term_string"}],"inLanguage":"de-DE"},{"@type":"Organization","@id":"https:\/\/thecentralapartments.de\/luxury-apartments-luxembourg-city\/#organization","name":"The Central Luxembourg City","url":"https:\/\/thecentralapartments.de\/luxury-apartments-luxembourg-city\/","logo":{"@type":"ImageObject","inLanguage":"de-DE","@id":"https:\/\/thecentralapartments.de\/luxury-apartments-luxembourg-city\/#\/schema\/logo\/image\/","url":"https:\/\/thecentralapartments.de\/luxury-apartments-luxembourg-city\/wp-content\/uploads\/2019\/06\/logo_the_central.png","contentUrl":"https:\/\/thecentralapartments.de\/luxury-apartments-luxembourg-city\/wp-content\/uploads\/2019\/06\/logo_the_central.png","width":220,"height":60,"caption":"The Central Luxembourg City"},"image":{"@id":"https:\/\/thecentralapartments.de\/luxury-apartments-luxembourg-city\/#\/schema\/logo\/image\/"}}]}},"_links":{"self":[{"href":"https:\/\/thecentralapartments.de\/luxury-apartments-luxembourg-city\/wp-json\/wp\/v2\/pages\/24766"}],"collection":[{"href":"https:\/\/thecentralapartments.de\/luxury-apartments-luxembourg-city\/wp-json\/wp\/v2\/pages"}],"about":[{"href":"https:\/\/thecentralapartments.de\/luxury-apartments-luxembourg-city\/wp-json\/wp\/v2\/types\/page"}],"author":[{"embeddable":true,"href":"https:\/\/thecentralapartments.de\/luxury-apartments-luxembourg-city\/wp-json\/wp\/v2\/users\/1"}],"replies":[{"embeddable":true,"href":"https:\/\/thecentralapartments.de\/luxury-apartments-luxembourg-city\/wp-json\/wp\/v2\/comments?post=24766"}],"version-history":[{"count":6,"href":"https:\/\/thecentralapartments.de\/luxury-apartments-luxembourg-city\/wp-json\/wp\/v2\/pages\/24766\/revisions"}],"predecessor-version":[{"id":25199,"href":"https:\/\/thecentralapartments.de\/luxury-apartments-luxembourg-city\/wp-json\/wp\/v2\/pages\/24766\/revisions\/25199"}],"up":[{"embeddable":true,"href":"https:\/\/thecentralapartments.de\/luxury-apartments-luxembourg-city\/wp-json\/wp\/v2\/pages\/3062"}],"wp:attachment":[{"href":"https:\/\/thecentralapartments.de\/luxury-apartments-luxembourg-city\/wp-json\/wp\/v2\/media?parent=24766"}],"curies":[{"name":"wp","href":"https:\/\/api.w.org\/{rel}","templated":true}]}}